{"id":138,"date":"2020-07-07T10:22:20","date_gmt":"2020-07-07T07:22:20","guid":{"rendered":"https:\/\/j-pmk.fi\/?page_id=138"},"modified":"2020-10-05T14:20:33","modified_gmt":"2020-10-05T11:20:33","slug":"kontakt","status":"publish","type":"page","link":"https:\/\/j-pmk.fi\/sv\/kontakt\/","title":{"rendered":"Kontakt"},"content":{"rendered":"\n<h2 class=\"wp-block-heading\">Jakobstad &#8211; Spituholmens motocrossbana<\/h2>\n\n\n\n<p>\u00d6stens\u00f6v\u00e4gen 449, 68600 Jakobstad<\/p>\n\n\n\n<p><\/p>\n\n\n\n<p><a class=\"button\" href=\"https:\/\/goo.gl\/maps\/fjsk4Hbk4rkiQFdc9\"><strong>navigera hit!<\/strong><\/a><\/p>\n\n\n\n<hr class=\"wp-block-separator\"\/>\n\n\n\n<h2 class=\"has-text-align-center wp-block-heading\">Styrelse 2020<\/h2>\n\n\n\n<p class=\"has-text-align-center\">Anders W\u00e4rnman &#8211;&nbsp;Ordf\u00f6rande\/puheenjohtaja &#8211;&nbsp;+46 70 649 71 99<br>Toni Krohn &#8211; &nbsp;Vice ordf\u00f6rande &#8211;&nbsp;050 0669 220<br>Aarre Puura&nbsp;&#8211; Kass\u00f6r\/rahastonhoitaja &#8211;&nbsp;<br>Jan Puura &#8211; Banm\u00e4stare\/ratamestari&nbsp;&#8211;&nbsp;<br>Sixten Fredriksson&nbsp;<br>Mats Kock<br>Patrik Wargh &#8211; Sekreterare &#8211; 040 5040 785<br>Bj\u00f6rn Ahlskog<br>Johnny L\u00f6fholm -Torsviken-<br>Joakim Forsbacka -Torsviken-<\/p>\n","protected":false},"excerpt":{"rendered":"<p>Jakobstad &#8211; Spituholmens motocrossbana \u00d6stens\u00f6v\u00e4gen 449, 68600 Jakobstad navigera hit! Styrelse 2020 Anders W\u00e4rnman &#8211;&nbsp;Ordf\u00f6rande\/puheenjohtaja &#8211;&nbsp;+46 70 649 71 99Toni Krohn &#8211; &nbsp;Vice ordf\u00f6rande &#8211;&nbsp;050 0669 220Aarre Puura&nbsp;&#8211; Kass\u00f6r\/rahastonhoitaja &#8211;&nbsp;Jan Puura &#8211; Banm\u00e4stare\/ratamestari&nbsp;&#8211;&nbsp;Sixten Fredriksson&nbsp;Mats KockPatrik Wargh &#8211; Sekreterare &#8211; 040 5040 785Bj\u00f6rn AhlskogJohnny L\u00f6fholm -Torsviken-Joakim Forsbacka -Torsviken-<\/p>\n","protected":false},"author":2,"featured_media":0,"parent":0,"menu_order":0,"comment_status":"closed","ping_status":"closed","template":"","meta":{"footnotes":""},"class_list":["post-138","page","type-page","status-publish","hentry"],"yoast_head":"<!-- This site is optimized with the Yoast SEO plugin v20.1 - https:\/\/yoast.com\/wordpress\/plugins\/seo\/ -->\n<title>Kontakt - J-Pmk<\/title>\n<meta name=\"robots\" content=\"index, follow, max-snippet:-1, max-image-preview:large, max-video-preview:-1\" \/>\n<link rel=\"canonical\" href=\"https:\/\/j-pmk.fi\/sv\/kontakt\/\" \/>\n<meta property=\"og:locale\" content=\"sv_SE\" \/>\n<meta property=\"og:type\" content=\"article\" \/>\n<meta property=\"og:title\" content=\"Kontakt - J-Pmk\" \/>\n<meta property=\"og:description\" content=\"Jakobstad &#8211; Spituholmens motocrossbana \u00d6stens\u00f6v\u00e4gen 449, 68600 Jakobstad navigera hit! Styrelse 2020 Anders W\u00e4rnman &#8211;&nbsp;Ordf\u00f6rande\/puheenjohtaja &#8211;&nbsp;+46 70 649 71 99Toni Krohn &#8211; &nbsp;Vice ordf\u00f6rande &#8211;&nbsp;050 0669 220Aarre Puura&nbsp;&#8211; Kass\u00f6r\/rahastonhoitaja &#8211;&nbsp;Jan Puura &#8211; Banm\u00e4stare\/ratamestari&nbsp;&#8211;&nbsp;Sixten Fredriksson&nbsp;Mats KockPatrik Wargh &#8211; Sekreterare &#8211; 040 5040 785Bj\u00f6rn AhlskogJohnny L\u00f6fholm -Torsviken-Joakim Forsbacka -Torsviken-\" \/>\n<meta property=\"og:url\" content=\"https:\/\/j-pmk.fi\/sv\/kontakt\/\" \/>\n<meta property=\"og:site_name\" content=\"J-Pmk\" \/>\n<meta property=\"article:modified_time\" content=\"2020-10-05T11:20:33+00:00\" \/>\n<meta name=\"twitter:card\" content=\"summary_large_image\" \/>\n<script type=\"application\/ld+json\" class=\"yoast-schema-graph\">{\"@context\":\"https:\/\/schema.org\",\"@graph\":[{\"@type\":\"WebPage\",\"@id\":\"https:\/\/j-pmk.fi\/sv\/kontakt\/\",\"url\":\"https:\/\/j-pmk.fi\/sv\/kontakt\/\",\"name\":\"Kontakt - J-Pmk\",\"isPartOf\":{\"@id\":\"https:\/\/j-pmk.fi\/#website\"},\"datePublished\":\"2020-07-07T07:22:20+00:00\",\"dateModified\":\"2020-10-05T11:20:33+00:00\",\"breadcrumb\":{\"@id\":\"https:\/\/j-pmk.fi\/sv\/kontakt\/#breadcrumb\"},\"inLanguage\":\"sv-SE\",\"potentialAction\":[{\"@type\":\"ReadAction\",\"target\":[\"https:\/\/j-pmk.fi\/sv\/kontakt\/\"]}]},{\"@type\":\"BreadcrumbList\",\"@id\":\"https:\/\/j-pmk.fi\/sv\/kontakt\/#breadcrumb\",\"itemListElement\":[{\"@type\":\"ListItem\",\"position\":1,\"name\":\"Home\",\"item\":\"https:\/\/j-pmk.fi\/sv\/\"},{\"@type\":\"ListItem\",\"position\":2,\"name\":\"Kontakt\"}]},{\"@type\":\"WebSite\",\"@id\":\"https:\/\/j-pmk.fi\/#website\",\"url\":\"https:\/\/j-pmk.fi\/\",\"name\":\"J-Pmk\",\"description\":\"Jakobstads Motorklubb - Pietarsaaren Moottorikerho rf\",\"potentialAction\":[{\"@type\":\"SearchAction\",\"target\":{\"@type\":\"EntryPoint\",\"urlTemplate\":\"https:\/\/j-pmk.fi\/?s={search_term_string}\"},\"query-input\":\"required name=search_term_string\"}],\"inLanguage\":\"sv-SE\"}]}<\/script>\n<!-- \/ Yoast SEO plugin. -->","yoast_head_json":{"title":"Kontakt - J-Pmk","robots":{"index":"index","follow":"follow","max-snippet":"max-snippet:-1","max-image-preview":"max-image-preview:large","max-video-preview":"max-video-preview:-1"},"canonical":"https:\/\/j-pmk.fi\/sv\/kontakt\/","og_locale":"sv_SE","og_type":"article","og_title":"Kontakt - J-Pmk","og_description":"Jakobstad &#8211; Spituholmens motocrossbana \u00d6stens\u00f6v\u00e4gen 449, 68600 Jakobstad navigera hit! Styrelse 2020 Anders W\u00e4rnman &#8211;&nbsp;Ordf\u00f6rande\/puheenjohtaja &#8211;&nbsp;+46 70 649 71 99Toni Krohn &#8211; &nbsp;Vice ordf\u00f6rande &#8211;&nbsp;050 0669 220Aarre Puura&nbsp;&#8211; Kass\u00f6r\/rahastonhoitaja &#8211;&nbsp;Jan Puura &#8211; Banm\u00e4stare\/ratamestari&nbsp;&#8211;&nbsp;Sixten Fredriksson&nbsp;Mats KockPatrik Wargh &#8211; Sekreterare &#8211; 040 5040 785Bj\u00f6rn AhlskogJohnny L\u00f6fholm -Torsviken-Joakim Forsbacka -Torsviken-","og_url":"https:\/\/j-pmk.fi\/sv\/kontakt\/","og_site_name":"J-Pmk","article_modified_time":"2020-10-05T11:20:33+00:00","twitter_card":"summary_large_image","schema":{"@context":"https:\/\/schema.org","@graph":[{"@type":"WebPage","@id":"https:\/\/j-pmk.fi\/sv\/kontakt\/","url":"https:\/\/j-pmk.fi\/sv\/kontakt\/","name":"Kontakt - J-Pmk","isPartOf":{"@id":"https:\/\/j-pmk.fi\/#website"},"datePublished":"2020-07-07T07:22:20+00:00","dateModified":"2020-10-05T11:20:33+00:00","breadcrumb":{"@id":"https:\/\/j-pmk.fi\/sv\/kontakt\/#breadcrumb"},"inLanguage":"sv-SE","potentialAction":[{"@type":"ReadAction","target":["https:\/\/j-pmk.fi\/sv\/kontakt\/"]}]},{"@type":"BreadcrumbList","@id":"https:\/\/j-pmk.fi\/sv\/kontakt\/#breadcrumb","itemListElement":[{"@type":"ListItem","position":1,"name":"Home","item":"https:\/\/j-pmk.fi\/sv\/"},{"@type":"ListItem","position":2,"name":"Kontakt"}]},{"@type":"WebSite","@id":"https:\/\/j-pmk.fi\/#website","url":"https:\/\/j-pmk.fi\/","name":"J-Pmk","description":"Jakobstads Motorklubb - Pietarsaaren Moottorikerho rf","potentialAction":[{"@type":"SearchAction","target":{"@type":"EntryPoint","urlTemplate":"https:\/\/j-pmk.fi\/?s={search_term_string}"},"query-input":"required name=search_term_string"}],"inLanguage":"sv-SE"}]}},"_links":{"self":[{"href":"https:\/\/j-pmk.fi\/sv\/wp-json\/wp\/v2\/pages\/138"}],"collection":[{"href":"https:\/\/j-pmk.fi\/sv\/wp-json\/wp\/v2\/pages"}],"about":[{"href":"https:\/\/j-pmk.fi\/sv\/wp-json\/wp\/v2\/types\/page"}],"author":[{"embeddable":true,"href":"https:\/\/j-pmk.fi\/sv\/wp-json\/wp\/v2\/users\/2"}],"replies":[{"embeddable":true,"href":"https:\/\/j-pmk.fi\/sv\/wp-json\/wp\/v2\/comments?post=138"}],"version-history":[{"count":5,"href":"https:\/\/j-pmk.fi\/sv\/wp-json\/wp\/v2\/pages\/138\/revisions"}],"predecessor-version":[{"id":412,"href":"https:\/\/j-pmk.fi\/sv\/wp-json\/wp\/v2\/pages\/138\/revisions\/412"}],"wp:attachment":[{"href":"https:\/\/j-pmk.fi\/sv\/wp-json\/wp\/v2\/media?parent=138"}],"curies":[{"name":"wp","href":"https:\/\/api.w.org\/{rel}","templated":true}]}}