{"id":66,"date":"2020-07-07T09:28:48","date_gmt":"2020-07-07T06:28:48","guid":{"rendered":"http:\/\/j-pmk.fi\/?page_id=66"},"modified":"2020-10-05T14:15:39","modified_gmt":"2020-10-05T11:15:39","slug":"jakobstads-motorklubb-rf-since-1948","status":"publish","type":"page","link":"https:\/\/j-pmk.fi\/sv\/","title":{"rendered":"Jakobstads motorklubb rf &#8211; Since 1948"},"content":{"rendered":"\n<div class=\"wp-block-getbowtied-sk-banner gbt_18_sk_banner\" style=\"height:300px\"><a class=\"gbt_18_sk_banner_wrapper\" href=\"\/spituholmen\" target=\"_self\" rel=\"noopener noreferrer\"><div class=\"gbt_18_sk_banner_wrapper_inner\"><div class=\"gbt_18_sk_banner_background\" style=\"background-color:#464646;background-image:url(https:\/\/j-pmk.fi\/wp-content\/uploads\/2020\/07\/pietarsaari-motocross-rata-j-pmk-3653.jpg)\"><\/div><div class=\"gbt_18_sk_banner_content\" style=\"border:2px solid #fff\"><div class=\"gbt_18_sk_banner_text_content\"><h3 class=\"gbt_18_sk_banner_title\" style=\"color:#fff;font-size:34px\">V\u00e4lkommen till Spituholmen.<\/h3><p class=\"gbt_18_sk_banner_subtitle\" style=\"color:#fff;font-size:18px\">Banan \u00f6ppen varje dag, 9-20.<\/p><\/div><\/div><\/div><\/a><\/div>\n\n\n<div data-block-name=\"woocommerce\/all-products\" data-columns=\"5\" data-rows=\"3\" data-align-buttons=\"false\" data-content-visibility=\"{&quot;orderBy&quot;:true}\" data-orderby=\"date\" data-layout-config=\"[[&quot;woocommerce\\\/product-image&quot;],[&quot;woocommerce\\\/product-title&quot;],[&quot;woocommerce\\\/product-price&quot;],[&quot;woocommerce\\\/product-rating&quot;],[&quot;woocommerce\\\/product-button&quot;]]\" class=\"wp-block-woocommerce-all-products wc-block-all-products\" data-attributes=\"{&quot;alignButtons&quot;:false,&quot;columns&quot;:5,&quot;contentVisibility&quot;:{&quot;orderBy&quot;:true},&quot;isPreview&quot;:false,&quot;layoutConfig&quot;:[[&quot;woocommerce\/product-image&quot;],[&quot;woocommerce\/product-title&quot;],[&quot;woocommerce\/product-price&quot;],[&quot;woocommerce\/product-rating&quot;],[&quot;woocommerce\/product-button&quot;]],&quot;orderby&quot;:&quot;date&quot;,&quot;rows&quot;:3}\"><\/div>\n\n\n<h2 class=\"has-text-align-center wp-block-heading\">Sponsorer<\/h2>\n\n\n\n<hr class=\"wp-block-separator\"\/>\n\n\n\n<figure class=\"wp-block-gallery columns-7 wp-block-gallery-1 is-layout-flex wp-block-gallery-is-layout-flex\"><ul class=\"blocks-gallery-grid\"><li class=\"blocks-gallery-item\"><figure><img loading=\"lazy\" decoding=\"async\" width=\"225\" height=\"225\" src=\"https:\/\/j-pmk.fi\/wp-content\/uploads\/2020\/07\/siggesdack.jpeg\" alt=\"\" data-id=\"70\" data-full-url=\"https:\/\/j-pmk.fi\/wp-content\/uploads\/2020\/07\/siggesdack.jpeg\" data-link=\"https:\/\/j-pmk.fi\/sv\/jakobstads-motorklubb-rf-since-1948\/siggesdack\/\" class=\"wp-image-70\" srcset=\"https:\/\/j-pmk.fi\/wp-content\/uploads\/2020\/07\/siggesdack.jpeg 225w, https:\/\/j-pmk.fi\/wp-content\/uploads\/2020\/07\/siggesdack-100x100.jpeg 100w, https:\/\/j-pmk.fi\/wp-content\/uploads\/2020\/07\/siggesdack-150x150.jpeg 150w\" sizes=\"(max-width: 225px) 100vw, 225px\" \/><\/figure><\/li><li class=\"blocks-gallery-item\"><figure><img loading=\"lazy\" decoding=\"async\" width=\"350\" height=\"88\" src=\"https:\/\/j-pmk.fi\/wp-content\/uploads\/2020\/07\/re-logo.png\" alt=\"\" data-id=\"71\" data-full-url=\"https:\/\/j-pmk.fi\/wp-content\/uploads\/2020\/07\/re-logo.png\" data-link=\"https:\/\/j-pmk.fi\/sv\/jakobstads-motorklubb-rf-since-1948\/re-logo\/\" class=\"wp-image-71\" srcset=\"https:\/\/j-pmk.fi\/wp-content\/uploads\/2020\/07\/re-logo.png 350w, https:\/\/j-pmk.fi\/wp-content\/uploads\/2020\/07\/re-logo-300x75.png 300w\" sizes=\"(max-width: 350px) 100vw, 350px\" \/><\/figure><\/li><li class=\"blocks-gallery-item\"><figure><img loading=\"lazy\" decoding=\"async\" width=\"540\" height=\"200\" src=\"https:\/\/j-pmk.fi\/wp-content\/uploads\/2020\/07\/kvarkenmarinlogo4.png\" alt=\"\" data-id=\"72\" data-full-url=\"https:\/\/j-pmk.fi\/wp-content\/uploads\/2020\/07\/kvarkenmarinlogo4.png\" data-link=\"https:\/\/j-pmk.fi\/sv\/jakobstads-motorklubb-rf-since-1948\/kvarkenmarinlogo4\/\" class=\"wp-image-72\" srcset=\"https:\/\/j-pmk.fi\/wp-content\/uploads\/2020\/07\/kvarkenmarinlogo4.png 540w, https:\/\/j-pmk.fi\/wp-content\/uploads\/2020\/07\/kvarkenmarinlogo4-300x111.png 300w\" sizes=\"(max-width: 540px) 100vw, 540px\" \/><\/figure><\/li><li class=\"blocks-gallery-item\"><figure><img loading=\"lazy\" decoding=\"async\" width=\"1024\" height=\"342\" src=\"https:\/\/j-pmk.fi\/wp-content\/uploads\/2020\/07\/Screenshot-2020-07-06-at-12.48.35-1024x342.png\" alt=\"\" data-id=\"73\" data-full-url=\"https:\/\/j-pmk.fi\/wp-content\/uploads\/2020\/07\/Screenshot-2020-07-06-at-12.48.35.png\" data-link=\"https:\/\/j-pmk.fi\/sv\/jakobstads-motorklubb-rf-since-1948\/screenshot-2020-07-06-at-12-48-35\/\" class=\"wp-image-73\" srcset=\"https:\/\/j-pmk.fi\/wp-content\/uploads\/2020\/07\/Screenshot-2020-07-06-at-12.48.35-1024x342.png 1024w, https:\/\/j-pmk.fi\/wp-content\/uploads\/2020\/07\/Screenshot-2020-07-06-at-12.48.35-920x307.png 920w, https:\/\/j-pmk.fi\/wp-content\/uploads\/2020\/07\/Screenshot-2020-07-06-at-12.48.35-300x100.png 300w, https:\/\/j-pmk.fi\/wp-content\/uploads\/2020\/07\/Screenshot-2020-07-06-at-12.48.35-768x256.png 768w, https:\/\/j-pmk.fi\/wp-content\/uploads\/2020\/07\/Screenshot-2020-07-06-at-12.48.35.png 1108w\" sizes=\"(max-width: 1024px) 100vw, 1024px\" \/><\/figure><\/li><li class=\"blocks-gallery-item\"><figure><img loading=\"lazy\" decoding=\"async\" width=\"218\" height=\"44\" src=\"https:\/\/j-pmk.fi\/wp-content\/uploads\/2020\/07\/botniasec_frg_logo-01-e1517216825155.png\" alt=\"\" data-id=\"74\" data-full-url=\"https:\/\/j-pmk.fi\/wp-content\/uploads\/2020\/07\/botniasec_frg_logo-01-e1517216825155.png\" data-link=\"https:\/\/j-pmk.fi\/sv\/jakobstads-motorklubb-rf-since-1948\/botniasec_frg_logo-01-e1517216825155\/\" class=\"wp-image-74\"\/><\/figure><\/li><li class=\"blocks-gallery-item\"><figure><img loading=\"lazy\" decoding=\"async\" width=\"268\" height=\"107\" src=\"https:\/\/j-pmk.fi\/wp-content\/uploads\/2020\/07\/logo.jpg\" alt=\"\" data-id=\"75\" data-full-url=\"https:\/\/j-pmk.fi\/wp-content\/uploads\/2020\/07\/logo.jpg\" data-link=\"https:\/\/j-pmk.fi\/sv\/jakobstads-motorklubb-rf-since-1948\/logo\/\" class=\"wp-image-75\"\/><\/figure><\/li><li class=\"blocks-gallery-item\"><figure><img loading=\"lazy\" decoding=\"async\" width=\"814\" height=\"368\" src=\"https:\/\/j-pmk.fi\/wp-content\/uploads\/2020\/07\/Screenshot-2020-07-06-at-14.36.22.png\" alt=\"\" data-id=\"76\" data-full-url=\"https:\/\/j-pmk.fi\/wp-content\/uploads\/2020\/07\/Screenshot-2020-07-06-at-14.36.22.png\" data-link=\"https:\/\/j-pmk.fi\/sv\/jakobstads-motorklubb-rf-since-1948\/screenshot-2020-07-06-at-14-36-22\/\" class=\"wp-image-76\" srcset=\"https:\/\/j-pmk.fi\/wp-content\/uploads\/2020\/07\/Screenshot-2020-07-06-at-14.36.22.png 814w, https:\/\/j-pmk.fi\/wp-content\/uploads\/2020\/07\/Screenshot-2020-07-06-at-14.36.22-600x271.png 600w, https:\/\/j-pmk.fi\/wp-content\/uploads\/2020\/07\/Screenshot-2020-07-06-at-14.36.22-300x136.png 300w, https:\/\/j-pmk.fi\/wp-content\/uploads\/2020\/07\/Screenshot-2020-07-06-at-14.36.22-768x347.png 768w\" sizes=\"(max-width: 814px) 100vw, 814px\" \/><\/figure><\/li><li class=\"blocks-gallery-item\"><figure><img loading=\"lazy\" decoding=\"async\" width=\"1024\" height=\"312\" src=\"https:\/\/j-pmk.fi\/wp-content\/uploads\/2020\/10\/Screenshot-2020-10-01-at-10.47.22-1024x312.png\" alt=\"\" data-id=\"292\" data-full-url=\"https:\/\/j-pmk.fi\/wp-content\/uploads\/2020\/10\/Screenshot-2020-10-01-at-10.47.22.png\" data-link=\"https:\/\/j-pmk.fi\/sv\/jakobstads-motorklubb-rf-since-1948\/screenshot-2020-10-01-at-10-47-22-2\/\" class=\"wp-image-292\" srcset=\"https:\/\/j-pmk.fi\/wp-content\/uploads\/2020\/10\/Screenshot-2020-10-01-at-10.47.22-1024x312.png 1024w, https:\/\/j-pmk.fi\/wp-content\/uploads\/2020\/10\/Screenshot-2020-10-01-at-10.47.22-300x91.png 300w, https:\/\/j-pmk.fi\/wp-content\/uploads\/2020\/10\/Screenshot-2020-10-01-at-10.47.22-768x234.png 768w, https:\/\/j-pmk.fi\/wp-content\/uploads\/2020\/10\/Screenshot-2020-10-01-at-10.47.22-1536x467.png 1536w, https:\/\/j-pmk.fi\/wp-content\/uploads\/2020\/10\/Screenshot-2020-10-01-at-10.47.22-2048x623.png 2048w, https:\/\/j-pmk.fi\/wp-content\/uploads\/2020\/10\/Screenshot-2020-10-01-at-10.47.22-920x280.png 920w\" sizes=\"(max-width: 1024px) 100vw, 1024px\" \/><\/figure><\/li><li class=\"blocks-gallery-item\"><figure><img loading=\"lazy\" decoding=\"async\" width=\"1024\" height=\"466\" src=\"https:\/\/j-pmk.fi\/wp-content\/uploads\/2020\/10\/Asset-2-1024x466.png\" alt=\"\" data-id=\"287\" data-full-url=\"https:\/\/j-pmk.fi\/wp-content\/uploads\/2020\/10\/Asset-2.png\" data-link=\"https:\/\/j-pmk.fi\/sv\/jakobstads-motorklubb-rf-since-1948\/asset-2-2\/\" class=\"wp-image-287\" srcset=\"https:\/\/j-pmk.fi\/wp-content\/uploads\/2020\/10\/Asset-2-1024x466.png 1024w, https:\/\/j-pmk.fi\/wp-content\/uploads\/2020\/10\/Asset-2-300x136.png 300w, https:\/\/j-pmk.fi\/wp-content\/uploads\/2020\/10\/Asset-2-768x349.png 768w, https:\/\/j-pmk.fi\/wp-content\/uploads\/2020\/10\/Asset-2-920x418.png 920w, https:\/\/j-pmk.fi\/wp-content\/uploads\/2020\/10\/Asset-2.png 1080w\" sizes=\"(max-width: 1024px) 100vw, 1024px\" \/><\/figure><\/li><li class=\"blocks-gallery-item\"><figure><img loading=\"lazy\" decoding=\"async\" width=\"1024\" height=\"270\" src=\"https:\/\/j-pmk.fi\/wp-content\/uploads\/2020\/10\/Ferromek_logo-2015_orginal-1024x270.jpg\" alt=\"\" data-id=\"283\" data-full-url=\"https:\/\/j-pmk.fi\/wp-content\/uploads\/2020\/10\/Ferromek_logo-2015_orginal-scaled.jpg\" data-link=\"https:\/\/j-pmk.fi\/sv\/jakobstads-motorklubb-rf-since-1948\/ferromek_logo-2015_orginal-2\/\" class=\"wp-image-283\" srcset=\"https:\/\/j-pmk.fi\/wp-content\/uploads\/2020\/10\/Ferromek_logo-2015_orginal-1024x270.jpg 1024w, https:\/\/j-pmk.fi\/wp-content\/uploads\/2020\/10\/Ferromek_logo-2015_orginal-300x79.jpg 300w, https:\/\/j-pmk.fi\/wp-content\/uploads\/2020\/10\/Ferromek_logo-2015_orginal-768x202.jpg 768w, https:\/\/j-pmk.fi\/wp-content\/uploads\/2020\/10\/Ferromek_logo-2015_orginal-1536x405.jpg 1536w, https:\/\/j-pmk.fi\/wp-content\/uploads\/2020\/10\/Ferromek_logo-2015_orginal-2048x540.jpg 2048w, https:\/\/j-pmk.fi\/wp-content\/uploads\/2020\/10\/Ferromek_logo-2015_orginal-920x243.jpg 920w\" sizes=\"(max-width: 1024px) 100vw, 1024px\" \/><\/figure><\/li><li class=\"blocks-gallery-item\"><figure><img loading=\"lazy\" decoding=\"async\" width=\"630\" height=\"264\" src=\"https:\/\/j-pmk.fi\/wp-content\/uploads\/2020\/10\/Screenshot-2020-10-01-at-10.38.22.png\" alt=\"\" data-id=\"278\" data-full-url=\"https:\/\/j-pmk.fi\/wp-content\/uploads\/2020\/10\/Screenshot-2020-10-01-at-10.38.22.png\" data-link=\"https:\/\/j-pmk.fi\/sv\/jakobstads-motorklubb-rf-since-1948\/screenshot-2020-10-01-at-10-38-22-2\/\" class=\"wp-image-278\" srcset=\"https:\/\/j-pmk.fi\/wp-content\/uploads\/2020\/10\/Screenshot-2020-10-01-at-10.38.22.png 630w, https:\/\/j-pmk.fi\/wp-content\/uploads\/2020\/10\/Screenshot-2020-10-01-at-10.38.22-300x126.png 300w\" sizes=\"(max-width: 630px) 100vw, 630px\" \/><\/figure><\/li><\/ul><\/figure>\n\n\n\n<h2 class=\"has-text-align-center wp-block-heading\">Aktuellt<\/h2>\n\n\n\n<hr class=\"wp-block-separator\"\/>\n\n\n\n<div class=\"wp-block-group\"><div class=\"wp-block-group__inner-container is-layout-flow wp-block-group-is-layout-flow\"><ul class=\"wp-block-latest-posts__list is-grid columns-3 has-dates alignwide wp-block-latest-posts\"><li><div class=\"wp-block-latest-posts__featured-image\"><img loading=\"lazy\" decoding=\"async\" width=\"900\" height=\"600\" src=\"https:\/\/j-pmk.fi\/wp-content\/uploads\/2020\/10\/j-pmk-raahe-steelcross-web-3652-1024x683.jpg\" class=\"attachment-large size-large wp-post-image\" alt=\"\" style=\"\" srcset=\"https:\/\/j-pmk.fi\/wp-content\/uploads\/2020\/10\/j-pmk-raahe-steelcross-web-3652-1024x683.jpg 1024w, https:\/\/j-pmk.fi\/wp-content\/uploads\/2020\/10\/j-pmk-raahe-steelcross-web-3652-300x200.jpg 300w, https:\/\/j-pmk.fi\/wp-content\/uploads\/2020\/10\/j-pmk-raahe-steelcross-web-3652-768x512.jpg 768w, https:\/\/j-pmk.fi\/wp-content\/uploads\/2020\/10\/j-pmk-raahe-steelcross-web-3652-1536x1025.jpg 1536w, https:\/\/j-pmk.fi\/wp-content\/uploads\/2020\/10\/j-pmk-raahe-steelcross-web-3652-920x614.jpg 920w, https:\/\/j-pmk.fi\/wp-content\/uploads\/2020\/10\/j-pmk-raahe-steelcross-web-3652.jpg 1920w\" sizes=\"(max-width: 900px) 100vw, 900px\" \/><\/div><a class=\"wp-block-latest-posts__post-title\" href=\"https:\/\/j-pmk.fi\/sv\/arsmote-2021\/\">\u00c5rsm\u00f6te 2021<\/a><time datetime=\"2021-04-19T16:08:15+03:00\" class=\"wp-block-latest-posts__post-date\">19.04.2021<\/time><div class=\"wp-block-latest-posts__post-excerpt\">\u00c4rade J-Pmk -medlemmar, klubbens \u00e5rsm\u00f6te h\u00e5lls 28.4.2021 kl. 18:00 hos RE Motors. Benn\u00e4sv\u00e4gen 141, 68600 Jakobstad.\u2026 <a class=\"wp-block-latest-posts__read-more\" href=\"https:\/\/j-pmk.fi\/sv\/arsmote-2021\/\" rel=\"noopener noreferrer\">L\u00e4s mer<span class=\"screen-reader-text\">: \u00c5rsm\u00f6te 2021<\/span><\/a><\/div><\/li>\n<li><div class=\"wp-block-latest-posts__featured-image\"><img loading=\"lazy\" decoding=\"async\" width=\"900\" height=\"600\" src=\"https:\/\/j-pmk.fi\/wp-content\/uploads\/2020\/10\/j-pmk-raahe-steelcross-web-3585-1024x683.jpg\" class=\"attachment-large size-large wp-post-image\" alt=\"\" style=\"\" srcset=\"https:\/\/j-pmk.fi\/wp-content\/uploads\/2020\/10\/j-pmk-raahe-steelcross-web-3585-1024x683.jpg 1024w, https:\/\/j-pmk.fi\/wp-content\/uploads\/2020\/10\/j-pmk-raahe-steelcross-web-3585-300x200.jpg 300w, https:\/\/j-pmk.fi\/wp-content\/uploads\/2020\/10\/j-pmk-raahe-steelcross-web-3585-768x512.jpg 768w, https:\/\/j-pmk.fi\/wp-content\/uploads\/2020\/10\/j-pmk-raahe-steelcross-web-3585-1536x1025.jpg 1536w, https:\/\/j-pmk.fi\/wp-content\/uploads\/2020\/10\/j-pmk-raahe-steelcross-web-3585-920x614.jpg 920w, https:\/\/j-pmk.fi\/wp-content\/uploads\/2020\/10\/j-pmk-raahe-steelcross-web-3585.jpg 1920w\" sizes=\"(max-width: 900px) 100vw, 900px\" \/><\/div><a class=\"wp-block-latest-posts__post-title\" href=\"https:\/\/j-pmk.fi\/sv\/motorklubbens-avsluting-i-brahestad\/\">Motorklubbens avsluting i Brahestad.<\/a><time datetime=\"2020-10-05T14:09:27+03:00\" class=\"wp-block-latest-posts__post-date\">05.10.2020<\/time><div class=\"wp-block-latest-posts__post-excerpt\">S\u00e4songsavslutning h\u00f6lls i Brahestad, mycket k\u00f6rning och kul var det! Tack till alla som deltog och\u2026 <a class=\"wp-block-latest-posts__read-more\" href=\"https:\/\/j-pmk.fi\/sv\/motorklubbens-avsluting-i-brahestad\/\" rel=\"noopener noreferrer\">L\u00e4s mer<span class=\"screen-reader-text\">: Motorklubbens avsluting i Brahestad.<\/span><\/a><\/div><\/li>\n<li><div class=\"wp-block-latest-posts__featured-image\"><img loading=\"lazy\" decoding=\"async\" width=\"670\" height=\"604\" src=\"https:\/\/j-pmk.fi\/wp-content\/uploads\/2020\/07\/Screenshot-2020-07-07-at-10.00.53.png\" class=\"attachment-large size-large wp-post-image\" alt=\"\" style=\"\" srcset=\"https:\/\/j-pmk.fi\/wp-content\/uploads\/2020\/07\/Screenshot-2020-07-07-at-10.00.53.png 670w, https:\/\/j-pmk.fi\/wp-content\/uploads\/2020\/07\/Screenshot-2020-07-07-at-10.00.53-300x270.png 300w\" sizes=\"(max-width: 670px) 100vw, 670px\" \/><\/div><a class=\"wp-block-latest-posts__post-title\" href=\"https:\/\/j-pmk.fi\/sv\/hemsidan-uppdateras\/\">Hemsidan uppdateras!<\/a><time datetime=\"2020-07-07T09:48:59+03:00\" class=\"wp-block-latest-posts__post-date\">07.07.2020<\/time><div class=\"wp-block-latest-posts__post-excerpt\">Hemsidans uppdatering p\u00e5 g\u00e5ng, mera inneh\u00e5ll och betalningsm\u00f6jligheter p\u00e5 kommande.<\/div><\/li>\n<\/ul><\/div><\/div>\n\n\n\n<p><\/p>\n","protected":false},"excerpt":{"rendered":"<p>Sponsorer Aktuellt<\/p>\n","protected":false},"author":2,"featured_media":0,"parent":0,"menu_order":0,"comment_status":"closed","ping_status":"open","template":"","meta":{"footnotes":""},"class_list":["post-66","page","type-page","status-publish","hentry"],"yoast_head":"<!-- This site is optimized with the Yoast SEO plugin v20.1 - https:\/\/yoast.com\/wordpress\/plugins\/seo\/ -->\n<title>Jakobstads motorklubb rf - Since 1948 - J-Pmk<\/title>\n<meta name=\"robots\" content=\"index, follow, max-snippet:-1, max-image-preview:large, max-video-preview:-1\" \/>\n<link rel=\"canonical\" href=\"https:\/\/j-pmk.fi\/sv\/\" \/>\n<meta property=\"og:locale\" content=\"sv_SE\" \/>\n<meta property=\"og:type\" content=\"article\" \/>\n<meta property=\"og:title\" content=\"Jakobstads motorklubb rf - Since 1948 - J-Pmk\" \/>\n<meta property=\"og:description\" content=\"Sponsorer Aktuellt\" \/>\n<meta property=\"og:url\" content=\"https:\/\/j-pmk.fi\/sv\/\" \/>\n<meta property=\"og:site_name\" content=\"J-Pmk\" \/>\n<meta property=\"article:modified_time\" content=\"2020-10-05T11:15:39+00:00\" \/>\n<meta property=\"og:image\" content=\"https:\/\/j-pmk.fi\/wp-content\/uploads\/2020\/07\/siggesdack.jpeg\" \/>\n<meta name=\"twitter:card\" content=\"summary_large_image\" \/>\n<script type=\"application\/ld+json\" class=\"yoast-schema-graph\">{\"@context\":\"https:\/\/schema.org\",\"@graph\":[{\"@type\":\"WebPage\",\"@id\":\"https:\/\/j-pmk.fi\/sv\/\",\"url\":\"https:\/\/j-pmk.fi\/sv\/\",\"name\":\"Jakobstads motorklubb rf - Since 1948 - J-Pmk\",\"isPartOf\":{\"@id\":\"https:\/\/j-pmk.fi\/#website\"},\"datePublished\":\"2020-07-07T06:28:48+00:00\",\"dateModified\":\"2020-10-05T11:15:39+00:00\",\"breadcrumb\":{\"@id\":\"https:\/\/j-pmk.fi\/sv\/#breadcrumb\"},\"inLanguage\":\"sv-SE\",\"potentialAction\":[{\"@type\":\"ReadAction\",\"target\":[\"https:\/\/j-pmk.fi\/sv\/\"]}]},{\"@type\":\"BreadcrumbList\",\"@id\":\"https:\/\/j-pmk.fi\/sv\/#breadcrumb\",\"itemListElement\":[{\"@type\":\"ListItem\",\"position\":1,\"name\":\"Home\",\"item\":\"https:\/\/j-pmk.fi\/sv\/\"},{\"@type\":\"ListItem\",\"position\":2,\"name\":\"Jakobstads motorklubb rf &#8211; Since 1948\"}]},{\"@type\":\"WebSite\",\"@id\":\"https:\/\/j-pmk.fi\/#website\",\"url\":\"https:\/\/j-pmk.fi\/\",\"name\":\"J-Pmk\",\"description\":\"Jakobstads Motorklubb - Pietarsaaren Moottorikerho rf\",\"potentialAction\":[{\"@type\":\"SearchAction\",\"target\":{\"@type\":\"EntryPoint\",\"urlTemplate\":\"https:\/\/j-pmk.fi\/?s={search_term_string}\"},\"query-input\":\"required name=search_term_string\"}],\"inLanguage\":\"sv-SE\"}]}<\/script>\n<!-- \/ Yoast SEO plugin. -->","yoast_head_json":{"title":"Jakobstads motorklubb rf - Since 1948 - J-Pmk","robots":{"index":"index","follow":"follow","max-snippet":"max-snippet:-1","max-image-preview":"max-image-preview:large","max-video-preview":"max-video-preview:-1"},"canonical":"https:\/\/j-pmk.fi\/sv\/","og_locale":"sv_SE","og_type":"article","og_title":"Jakobstads motorklubb rf - Since 1948 - J-Pmk","og_description":"Sponsorer Aktuellt","og_url":"https:\/\/j-pmk.fi\/sv\/","og_site_name":"J-Pmk","article_modified_time":"2020-10-05T11:15:39+00:00","og_image":[{"url":"https:\/\/j-pmk.fi\/wp-content\/uploads\/2020\/07\/siggesdack.jpeg"}],"twitter_card":"summary_large_image","schema":{"@context":"https:\/\/schema.org","@graph":[{"@type":"WebPage","@id":"https:\/\/j-pmk.fi\/sv\/","url":"https:\/\/j-pmk.fi\/sv\/","name":"Jakobstads motorklubb rf - Since 1948 - J-Pmk","isPartOf":{"@id":"https:\/\/j-pmk.fi\/#website"},"datePublished":"2020-07-07T06:28:48+00:00","dateModified":"2020-10-05T11:15:39+00:00","breadcrumb":{"@id":"https:\/\/j-pmk.fi\/sv\/#breadcrumb"},"inLanguage":"sv-SE","potentialAction":[{"@type":"ReadAction","target":["https:\/\/j-pmk.fi\/sv\/"]}]},{"@type":"BreadcrumbList","@id":"https:\/\/j-pmk.fi\/sv\/#breadcrumb","itemListElement":[{"@type":"ListItem","position":1,"name":"Home","item":"https:\/\/j-pmk.fi\/sv\/"},{"@type":"ListItem","position":2,"name":"Jakobstads motorklubb rf &#8211; Since 1948"}]},{"@type":"WebSite","@id":"https:\/\/j-pmk.fi\/#website","url":"https:\/\/j-pmk.fi\/","name":"J-Pmk","description":"Jakobstads Motorklubb - Pietarsaaren Moottorikerho rf","potentialAction":[{"@type":"SearchAction","target":{"@type":"EntryPoint","urlTemplate":"https:\/\/j-pmk.fi\/?s={search_term_string}"},"query-input":"required name=search_term_string"}],"inLanguage":"sv-SE"}]}},"_links":{"self":[{"href":"https:\/\/j-pmk.fi\/sv\/wp-json\/wp\/v2\/pages\/66"}],"collection":[{"href":"https:\/\/j-pmk.fi\/sv\/wp-json\/wp\/v2\/pages"}],"about":[{"href":"https:\/\/j-pmk.fi\/sv\/wp-json\/wp\/v2\/types\/page"}],"author":[{"embeddable":true,"href":"https:\/\/j-pmk.fi\/sv\/wp-json\/wp\/v2\/users\/2"}],"replies":[{"embeddable":true,"href":"https:\/\/j-pmk.fi\/sv\/wp-json\/wp\/v2\/comments?post=66"}],"version-history":[{"count":30,"href":"https:\/\/j-pmk.fi\/sv\/wp-json\/wp\/v2\/pages\/66\/revisions"}],"predecessor-version":[{"id":409,"href":"https:\/\/j-pmk.fi\/sv\/wp-json\/wp\/v2\/pages\/66\/revisions\/409"}],"wp:attachment":[{"href":"https:\/\/j-pmk.fi\/sv\/wp-json\/wp\/v2\/media?parent=66"}],"curies":[{"name":"wp","href":"https:\/\/api.w.org\/{rel}","templated":true}]}}