{"id":254,"date":"2020-07-14T22:08:18","date_gmt":"2020-07-14T19:08:18","guid":{"rendered":"https:\/\/j-pmk.fi\/tuote\/arsavgift-och-klubbmedlemskap-junior\/"},"modified":"2021-04-20T14:36:35","modified_gmt":"2021-04-20T11:36:35","slug":"arsavgift-och-klubbmedlemskap-junior","status":"publish","type":"product","link":"https:\/\/j-pmk.fi\/sv\/tuote\/arsavgift-och-klubbmedlemskap-junior\/","title":{"rendered":"\u00c5rsavgift och klubbmedlemskap &#8211; Junior"},"content":{"rendered":"<p>F\u00f6r 11-16 \u00e5ringar, inneh\u00e5ller \u00e5rsavgift till Spituholmen samt klubbmedlemskap.<\/p>\n","protected":false},"excerpt":{"rendered":"<p><strong>F\u00f6r 11-16 \u00e5ringar<\/strong>, inneh\u00e5ller \u00e5rsavgift till Spituholmen samt klubbmedlemskap.<\/p>\n","protected":false},"featured_media":463,"template":"","meta":[],"product_cat":[33,30],"product_tag":[],"class_list":["post-254","product","type-product","status-publish","has-post-thumbnail","hentry","product_cat-klubbmedlemskap","product_cat-motocross"],"yoast_head":"<!-- This site is optimized with the Yoast SEO plugin v20.1 - https:\/\/yoast.com\/wordpress\/plugins\/seo\/ -->\n<title>\u00c5rsavgift och klubbmedlemskap - Junior - J-Pmk<\/title>\n<meta name=\"robots\" content=\"index, follow, max-snippet:-1, max-image-preview:large, max-video-preview:-1\" \/>\n<link rel=\"canonical\" href=\"https:\/\/j-pmk.fi\/sv\/tuote\/arsavgift-och-klubbmedlemskap-junior\/\" \/>\n<meta property=\"og:locale\" content=\"sv_SE\" \/>\n<meta property=\"og:type\" content=\"article\" \/>\n<meta property=\"og:title\" content=\"\u00c5rsavgift och klubbmedlemskap - Junior - J-Pmk\" \/>\n<meta property=\"og:description\" content=\"F\u00f6r 11-16 \u00e5ringar, inneh\u00e5ller \u00e5rsavgift till Spituholmen samt klubbmedlemskap.\" \/>\n<meta property=\"og:url\" content=\"https:\/\/j-pmk.fi\/sv\/tuote\/arsavgift-och-klubbmedlemskap-junior\/\" \/>\n<meta property=\"og:site_name\" content=\"J-Pmk\" \/>\n<meta property=\"article:modified_time\" content=\"2021-04-20T11:36:35+00:00\" \/>\n<meta property=\"og:image\" content=\"https:\/\/j-pmk.fi\/wp-content\/uploads\/2020\/07\/JUNIORI-CROSSI.png\" \/>\n\t<meta property=\"og:image:width\" content=\"1080\" \/>\n\t<meta property=\"og:image:height\" content=\"1080\" \/>\n\t<meta property=\"og:image:type\" content=\"image\/png\" \/>\n<meta name=\"twitter:card\" content=\"summary_large_image\" \/>\n<script type=\"application\/ld+json\" class=\"yoast-schema-graph\">{\"@context\":\"https:\/\/schema.org\",\"@graph\":[{\"@type\":\"WebPage\",\"@id\":\"https:\/\/j-pmk.fi\/sv\/tuote\/arsavgift-och-klubbmedlemskap-junior\/\",\"url\":\"https:\/\/j-pmk.fi\/sv\/tuote\/arsavgift-och-klubbmedlemskap-junior\/\",\"name\":\"\u00c5rsavgift och klubbmedlemskap - Junior - J-Pmk\",\"isPartOf\":{\"@id\":\"https:\/\/j-pmk.fi\/#website\"},\"datePublished\":\"2020-07-14T19:08:18+00:00\",\"dateModified\":\"2021-04-20T11:36:35+00:00\",\"breadcrumb\":{\"@id\":\"https:\/\/j-pmk.fi\/sv\/tuote\/arsavgift-och-klubbmedlemskap-junior\/#breadcrumb\"},\"inLanguage\":\"sv-SE\",\"potentialAction\":[{\"@type\":\"ReadAction\",\"target\":[\"https:\/\/j-pmk.fi\/sv\/tuote\/arsavgift-och-klubbmedlemskap-junior\/\"]}]},{\"@type\":\"BreadcrumbList\",\"@id\":\"https:\/\/j-pmk.fi\/sv\/tuote\/arsavgift-och-klubbmedlemskap-junior\/#breadcrumb\",\"itemListElement\":[{\"@type\":\"ListItem\",\"position\":1,\"name\":\"Home\",\"item\":\"https:\/\/j-pmk.fi\/sv\/\"},{\"@type\":\"ListItem\",\"position\":2,\"name\":\"Kauppa\",\"item\":\"https:\/\/j-pmk.fi\/kauppa\/\"},{\"@type\":\"ListItem\",\"position\":3,\"name\":\"\u00c5rsavgift och klubbmedlemskap &#8211; Junior\"}]},{\"@type\":\"WebSite\",\"@id\":\"https:\/\/j-pmk.fi\/#website\",\"url\":\"https:\/\/j-pmk.fi\/\",\"name\":\"J-Pmk\",\"description\":\"Jakobstads Motorklubb - Pietarsaaren Moottorikerho rf\",\"potentialAction\":[{\"@type\":\"SearchAction\",\"target\":{\"@type\":\"EntryPoint\",\"urlTemplate\":\"https:\/\/j-pmk.fi\/?s={search_term_string}\"},\"query-input\":\"required name=search_term_string\"}],\"inLanguage\":\"sv-SE\"}]}<\/script>\n<!-- \/ Yoast SEO plugin. -->","yoast_head_json":{"title":"\u00c5rsavgift och klubbmedlemskap - Junior - J-Pmk","robots":{"index":"index","follow":"follow","max-snippet":"max-snippet:-1","max-image-preview":"max-image-preview:large","max-video-preview":"max-video-preview:-1"},"canonical":"https:\/\/j-pmk.fi\/sv\/tuote\/arsavgift-och-klubbmedlemskap-junior\/","og_locale":"sv_SE","og_type":"article","og_title":"\u00c5rsavgift och klubbmedlemskap - Junior - J-Pmk","og_description":"F\u00f6r 11-16 \u00e5ringar, inneh\u00e5ller \u00e5rsavgift till Spituholmen samt klubbmedlemskap.","og_url":"https:\/\/j-pmk.fi\/sv\/tuote\/arsavgift-och-klubbmedlemskap-junior\/","og_site_name":"J-Pmk","article_modified_time":"2021-04-20T11:36:35+00:00","og_image":[{"width":1080,"height":1080,"url":"https:\/\/j-pmk.fi\/wp-content\/uploads\/2020\/07\/JUNIORI-CROSSI.png","type":"image\/png"}],"twitter_card":"summary_large_image","schema":{"@context":"https:\/\/schema.org","@graph":[{"@type":"WebPage","@id":"https:\/\/j-pmk.fi\/sv\/tuote\/arsavgift-och-klubbmedlemskap-junior\/","url":"https:\/\/j-pmk.fi\/sv\/tuote\/arsavgift-och-klubbmedlemskap-junior\/","name":"\u00c5rsavgift och klubbmedlemskap - Junior - J-Pmk","isPartOf":{"@id":"https:\/\/j-pmk.fi\/#website"},"datePublished":"2020-07-14T19:08:18+00:00","dateModified":"2021-04-20T11:36:35+00:00","breadcrumb":{"@id":"https:\/\/j-pmk.fi\/sv\/tuote\/arsavgift-och-klubbmedlemskap-junior\/#breadcrumb"},"inLanguage":"sv-SE","potentialAction":[{"@type":"ReadAction","target":["https:\/\/j-pmk.fi\/sv\/tuote\/arsavgift-och-klubbmedlemskap-junior\/"]}]},{"@type":"BreadcrumbList","@id":"https:\/\/j-pmk.fi\/sv\/tuote\/arsavgift-och-klubbmedlemskap-junior\/#breadcrumb","itemListElement":[{"@type":"ListItem","position":1,"name":"Home","item":"https:\/\/j-pmk.fi\/sv\/"},{"@type":"ListItem","position":2,"name":"Kauppa","item":"https:\/\/j-pmk.fi\/kauppa\/"},{"@type":"ListItem","position":3,"name":"\u00c5rsavgift och klubbmedlemskap &#8211; Junior"}]},{"@type":"WebSite","@id":"https:\/\/j-pmk.fi\/#website","url":"https:\/\/j-pmk.fi\/","name":"J-Pmk","description":"Jakobstads Motorklubb - Pietarsaaren Moottorikerho rf","potentialAction":[{"@type":"SearchAction","target":{"@type":"EntryPoint","urlTemplate":"https:\/\/j-pmk.fi\/?s={search_term_string}"},"query-input":"required name=search_term_string"}],"inLanguage":"sv-SE"}]}},"_links":{"self":[{"href":"https:\/\/j-pmk.fi\/sv\/wp-json\/wp\/v2\/product\/254"}],"collection":[{"href":"https:\/\/j-pmk.fi\/sv\/wp-json\/wp\/v2\/product"}],"about":[{"href":"https:\/\/j-pmk.fi\/sv\/wp-json\/wp\/v2\/types\/product"}],"wp:featuredmedia":[{"embeddable":true,"href":"https:\/\/j-pmk.fi\/sv\/wp-json\/wp\/v2\/media\/463"}],"wp:attachment":[{"href":"https:\/\/j-pmk.fi\/sv\/wp-json\/wp\/v2\/media?parent=254"}],"wp:term":[{"taxonomy":"product_cat","embeddable":true,"href":"https:\/\/j-pmk.fi\/sv\/wp-json\/wp\/v2\/product_cat?post=254"},{"taxonomy":"product_tag","embeddable":true,"href":"https:\/\/j-pmk.fi\/sv\/wp-json\/wp\/v2\/product_tag?post=254"}],"curies":[{"name":"wp","href":"https:\/\/api.w.org\/{rel}","templated":true}]}}