{"id":265,"date":"2020-07-14T23:08:00","date_gmt":"2020-07-14T20:08:00","guid":{"rendered":"https:\/\/j-pmk.fi\/tuote\/klubbmedlemskap\/"},"modified":"2020-07-14T23:08:00","modified_gmt":"2020-07-14T20:08:00","slug":"klubbmedlemskap","status":"publish","type":"product","link":"https:\/\/j-pmk.fi\/sv\/tuote\/klubbmedlemskap\/","title":{"rendered":"Klubbmedlemskap"},"content":{"rendered":"<p>K\u00e4nner du att du vill st\u00f6da motorsport i Jakobstad? Genom att g\u00e5 med i Jakobstads Motorklubb g\u00f6r du precis det. L\u00e4gg till den h\u00e4r produkten i k\u00f6pkorgen och k\u00f6p enkelt p\u00e5 n\u00e4tet, betala direkt till bankkonto eller anv\u00e4nd mobilepay.<\/p>\n","protected":false},"excerpt":{"rendered":"<p>K\u00e4nner du att du vill st\u00f6da motorsport i Jakobstad? Genom att g\u00e5 med i Jakobstads Motorklubb g\u00f6r du precis det. L\u00e4gg till den h\u00e4r produkten i k\u00f6pkorgen och k\u00f6p enkelt p\u00e5 n\u00e4tet, betala direkt till bankkonto eller anv\u00e4nd mobilepay.<\/p>\n","protected":false},"featured_media":473,"template":"","meta":[],"product_cat":[33],"product_tag":[],"class_list":["post-265","product","type-product","status-publish","has-post-thumbnail","hentry","product_cat-klubbmedlemskap"],"yoast_head":"<!-- This site is optimized with the Yoast SEO plugin v20.1 - https:\/\/yoast.com\/wordpress\/plugins\/seo\/ -->\n<title>Klubbmedlemskap - J-Pmk<\/title>\n<meta name=\"robots\" content=\"index, follow, max-snippet:-1, max-image-preview:large, max-video-preview:-1\" \/>\n<link rel=\"canonical\" href=\"https:\/\/j-pmk.fi\/sv\/tuote\/klubbmedlemskap\/\" \/>\n<meta property=\"og:locale\" content=\"sv_SE\" \/>\n<meta property=\"og:type\" content=\"article\" \/>\n<meta property=\"og:title\" content=\"Klubbmedlemskap - J-Pmk\" \/>\n<meta property=\"og:description\" content=\"K\u00e4nner du att du vill st\u00f6da motorsport i Jakobstad? Genom att g\u00e5 med i Jakobstads Motorklubb g\u00f6r du precis det. L\u00e4gg till den h\u00e4r produkten i k\u00f6pkorgen och k\u00f6p enkelt p\u00e5 n\u00e4tet, betala direkt till bankkonto eller anv\u00e4nd mobilepay.\" \/>\n<meta property=\"og:url\" content=\"https:\/\/j-pmk.fi\/sv\/tuote\/klubbmedlemskap\/\" \/>\n<meta property=\"og:site_name\" content=\"J-Pmk\" \/>\n<meta property=\"og:image\" content=\"https:\/\/j-pmk.fi\/wp-content\/uploads\/2020\/07\/J\u00c4SENEKSI.png\" \/>\n\t<meta property=\"og:image:width\" content=\"1080\" \/>\n\t<meta property=\"og:image:height\" content=\"1080\" \/>\n\t<meta property=\"og:image:type\" content=\"image\/png\" \/>\n<meta name=\"twitter:card\" content=\"summary_large_image\" \/>\n<script type=\"application\/ld+json\" class=\"yoast-schema-graph\">{\"@context\":\"https:\/\/schema.org\",\"@graph\":[{\"@type\":\"WebPage\",\"@id\":\"https:\/\/j-pmk.fi\/sv\/tuote\/klubbmedlemskap\/\",\"url\":\"https:\/\/j-pmk.fi\/sv\/tuote\/klubbmedlemskap\/\",\"name\":\"Klubbmedlemskap - J-Pmk\",\"isPartOf\":{\"@id\":\"https:\/\/j-pmk.fi\/#website\"},\"datePublished\":\"2020-07-14T20:08:00+00:00\",\"dateModified\":\"2020-07-14T20:08:00+00:00\",\"breadcrumb\":{\"@id\":\"https:\/\/j-pmk.fi\/sv\/tuote\/klubbmedlemskap\/#breadcrumb\"},\"inLanguage\":\"sv-SE\",\"potentialAction\":[{\"@type\":\"ReadAction\",\"target\":[\"https:\/\/j-pmk.fi\/sv\/tuote\/klubbmedlemskap\/\"]}]},{\"@type\":\"BreadcrumbList\",\"@id\":\"https:\/\/j-pmk.fi\/sv\/tuote\/klubbmedlemskap\/#breadcrumb\",\"itemListElement\":[{\"@type\":\"ListItem\",\"position\":1,\"name\":\"Home\",\"item\":\"https:\/\/j-pmk.fi\/sv\/\"},{\"@type\":\"ListItem\",\"position\":2,\"name\":\"Kauppa\",\"item\":\"https:\/\/j-pmk.fi\/kauppa\/\"},{\"@type\":\"ListItem\",\"position\":3,\"name\":\"Klubbmedlemskap\"}]},{\"@type\":\"WebSite\",\"@id\":\"https:\/\/j-pmk.fi\/#website\",\"url\":\"https:\/\/j-pmk.fi\/\",\"name\":\"J-Pmk\",\"description\":\"Jakobstads Motorklubb - Pietarsaaren Moottorikerho rf\",\"potentialAction\":[{\"@type\":\"SearchAction\",\"target\":{\"@type\":\"EntryPoint\",\"urlTemplate\":\"https:\/\/j-pmk.fi\/?s={search_term_string}\"},\"query-input\":\"required name=search_term_string\"}],\"inLanguage\":\"sv-SE\"}]}<\/script>\n<!-- \/ Yoast SEO plugin. -->","yoast_head_json":{"title":"Klubbmedlemskap - J-Pmk","robots":{"index":"index","follow":"follow","max-snippet":"max-snippet:-1","max-image-preview":"max-image-preview:large","max-video-preview":"max-video-preview:-1"},"canonical":"https:\/\/j-pmk.fi\/sv\/tuote\/klubbmedlemskap\/","og_locale":"sv_SE","og_type":"article","og_title":"Klubbmedlemskap - J-Pmk","og_description":"K\u00e4nner du att du vill st\u00f6da motorsport i Jakobstad? Genom att g\u00e5 med i Jakobstads Motorklubb g\u00f6r du precis det. L\u00e4gg till den h\u00e4r produkten i k\u00f6pkorgen och k\u00f6p enkelt p\u00e5 n\u00e4tet, betala direkt till bankkonto eller anv\u00e4nd mobilepay.","og_url":"https:\/\/j-pmk.fi\/sv\/tuote\/klubbmedlemskap\/","og_site_name":"J-Pmk","og_image":[{"width":1080,"height":1080,"url":"https:\/\/j-pmk.fi\/wp-content\/uploads\/2020\/07\/J\u00c4SENEKSI.png","type":"image\/png"}],"twitter_card":"summary_large_image","schema":{"@context":"https:\/\/schema.org","@graph":[{"@type":"WebPage","@id":"https:\/\/j-pmk.fi\/sv\/tuote\/klubbmedlemskap\/","url":"https:\/\/j-pmk.fi\/sv\/tuote\/klubbmedlemskap\/","name":"Klubbmedlemskap - J-Pmk","isPartOf":{"@id":"https:\/\/j-pmk.fi\/#website"},"datePublished":"2020-07-14T20:08:00+00:00","dateModified":"2020-07-14T20:08:00+00:00","breadcrumb":{"@id":"https:\/\/j-pmk.fi\/sv\/tuote\/klubbmedlemskap\/#breadcrumb"},"inLanguage":"sv-SE","potentialAction":[{"@type":"ReadAction","target":["https:\/\/j-pmk.fi\/sv\/tuote\/klubbmedlemskap\/"]}]},{"@type":"BreadcrumbList","@id":"https:\/\/j-pmk.fi\/sv\/tuote\/klubbmedlemskap\/#breadcrumb","itemListElement":[{"@type":"ListItem","position":1,"name":"Home","item":"https:\/\/j-pmk.fi\/sv\/"},{"@type":"ListItem","position":2,"name":"Kauppa","item":"https:\/\/j-pmk.fi\/kauppa\/"},{"@type":"ListItem","position":3,"name":"Klubbmedlemskap"}]},{"@type":"WebSite","@id":"https:\/\/j-pmk.fi\/#website","url":"https:\/\/j-pmk.fi\/","name":"J-Pmk","description":"Jakobstads Motorklubb - Pietarsaaren Moottorikerho rf","potentialAction":[{"@type":"SearchAction","target":{"@type":"EntryPoint","urlTemplate":"https:\/\/j-pmk.fi\/?s={search_term_string}"},"query-input":"required name=search_term_string"}],"inLanguage":"sv-SE"}]}},"_links":{"self":[{"href":"https:\/\/j-pmk.fi\/sv\/wp-json\/wp\/v2\/product\/265"}],"collection":[{"href":"https:\/\/j-pmk.fi\/sv\/wp-json\/wp\/v2\/product"}],"about":[{"href":"https:\/\/j-pmk.fi\/sv\/wp-json\/wp\/v2\/types\/product"}],"wp:featuredmedia":[{"embeddable":true,"href":"https:\/\/j-pmk.fi\/sv\/wp-json\/wp\/v2\/media\/473"}],"wp:attachment":[{"href":"https:\/\/j-pmk.fi\/sv\/wp-json\/wp\/v2\/media?parent=265"}],"wp:term":[{"taxonomy":"product_cat","embeddable":true,"href":"https:\/\/j-pmk.fi\/sv\/wp-json\/wp\/v2\/product_cat?post=265"},{"taxonomy":"product_tag","embeddable":true,"href":"https:\/\/j-pmk.fi\/sv\/wp-json\/wp\/v2\/product_tag?post=265"}],"curies":[{"name":"wp","href":"https:\/\/api.w.org\/{rel}","templated":true}]}}